{"id":66,"date":"2022-01-25T09:47:07","date_gmt":"2022-01-25T09:47:07","guid":{"rendered":"http:\/\/stillberatung-plus.de\/?page_id=66"},"modified":"2022-03-24T20:28:51","modified_gmt":"2022-03-24T20:28:51","slug":"ueber-mich","status":"publish","type":"page","link":"https:\/\/stillberatung-plus.de\/?page_id=66","title":{"rendered":"\u00dcber mich"},"content":{"rendered":"<p><span style=\"font-family: helvetica, arial, sans-serif;\"><strong>Bring Liebe in alles, was du tust!<\/strong><\/span><\/p>\n<p><span style=\"font-family: helvetica, arial, sans-serif;\"><img loading=\"lazy\" decoding=\"async\" class=\"size-medium wp-image-188 alignleft\" src=\"https:\/\/stillberatung-plus.de\/wp-content\/uploads\/2022\/03\/Martina-Hoeving-Stillberatung-Plus-WEB-60-von-139-200x300.jpg\" alt=\"\" width=\"200\" height=\"300\" srcset=\"https:\/\/stillberatung-plus.de\/wp-content\/uploads\/2022\/03\/Martina-Hoeving-Stillberatung-Plus-WEB-60-von-139-200x300.jpg 200w, https:\/\/stillberatung-plus.de\/wp-content\/uploads\/2022\/03\/Martina-Hoeving-Stillberatung-Plus-WEB-60-von-139-40x60.jpg 40w, https:\/\/stillberatung-plus.de\/wp-content\/uploads\/2022\/03\/Martina-Hoeving-Stillberatung-Plus-WEB-60-von-139.jpg 667w\" sizes=\"auto, (max-width: 200px) 100vw, 200px\" \/>W\u00fcrde ich nach einem Lebensmotto gefragt, so w\u00e4re es vermutlich die \u00dcberschrift dieses Textes, denn Liebe und Leidenschaft tragen mich seit \u00fcber 20 Jahren durch mein Berufsleben. Was f\u00fcr ein Gl\u00fcck, oder?<\/span><\/p>\n<p><span style=\"font-family: helvetica, arial, sans-serif;\">Vor \u00fcber 20 Jahren habe ich den Weg in die P\u00e4dagogik eingeschlagen und durfte vielf\u00e4ltige Felder, Altersgruppen und Herausforderungen darin entdecken. Von der Arbeit in einem D\u00fcsseldorfer Kinderheim \u00fcber die therapeutische \u00dcbergangshilfe f\u00fcr Kinder, Wohngruppen f\u00fcr junge Erwachsene bis hin zur Beschulung jugendlicher Schulverweigerer. Herausfordernde Arbeitsbereiche, schwierige Situationen, oftmals sch\u00f6ne Happy-ends. Erfahrung und Wissen, das ich jetzt mit dir und deinem Kind teilen kann. F\u00fcr mehr Ruhe, Gl\u00fcck und Sicherheit in deinem Mama- und Familienleben.<\/span><\/p>\n<p><span style=\"font-family: helvetica, arial, sans-serif;\"><strong>Pr\u00e4gung beginnt viel fr\u00fcher. Lass sie uns gemeinsam richtig gestalten. <\/strong><\/span><\/p>\n<p><span style=\"font-family: helvetica, arial, sans-serif;\">Das alles habe ich hineingetragen in meine Arbeit als P\u00e4dagogin in verschiedenen Kindertagesst\u00e4tten, Eltern-Kind-Gruppen und Beratungsinstitutionen. Und irgendwie: je \u00e4lter ich wurde, desto j\u00fcnger wurde meine Zielgruppe. Krippenkinder, Babys &#8211; Fr\u00fchp\u00e4dagogik eben. Denn ich bin sicher: hier liegt die Pr\u00e4gung daf\u00fcr, wie Kinder sich selbst und ihre Welt in den darauffolgenden Jahren erleben werden. Eine spannende Zeit, die ich unbedingt mit meinem Wissen und meiner Erfahrung begleiten m\u00f6chte.<\/span><\/p>\n<p><span style=\"font-family: helvetica, arial, sans-serif;\">Als Fachkraft f\u00fcr Fr\u00fchp\u00e4dagogik und Mama zweier wundervoller Kinder kenne ich die eigenen Belastungsgrenzen zwischen p\u00e4dagogischem Anspruch, weiblichem Gef\u00fchl und menschlicher Verzweiflung. Kurzum: es ist nicht immer leicht. Aber: es gibt immer eine L\u00f6sung!<\/span><\/p>\n<p><span style=\"font-family: helvetica, arial, sans-serif;\"><strong>Ich wei\u00df, wie sich Verzweifeln anf\u00fchlt.\u00a0 \u00a0 \u00a0 \u00a0 \u00a0 \u00a0 \u00a0 \u00a0 \u00a0 \u00a0 \u00a0 \u00a0 \u00a0 \u00a0 \u00a0 \u00a0 \u00a0 \u00a0 \u00a0 \u00a0 \u00a0 \u00a0 \u00a0 \u00a0 \u00a0 \u00a0 \u00a0 \u00a0 \u00a0 \u00a0 \u00a0 \u00a0 \u00a0 \u00a0 \u00a0 \u00a0 \u00a0 \u00a0 \u00a0 \u00a0 \u00a0 \u00a0 \u00a0 \u00a0 \u00a0 \u00a0 \u00a0 \u00a0 \u00a0 \u00a0 \u00a0 \u00a0 \u00a0 \u00a0 \u00a0 \u00a0 \u00a0 \u00a0 \u00a0 \u00a0 \u00a0 \u00a0 \u00a0 \u00a0 \u00a0 \u00a0 \u00a0\u00a0<\/strong><\/span><\/p>\n<p><span style=\"font-family: helvetica, arial, sans-serif;\">In meinen Schwangerschaften habe ich mich bewusst dazu entschieden, mein Kind mit Muttermilch zu ern\u00e4hren. Das Stillen<img loading=\"lazy\" decoding=\"async\" class=\"alignright wp-image-187 size-medium\" src=\"https:\/\/stillberatung-plus.de\/wp-content\/uploads\/2022\/03\/Martina-Hoeving-Stillberatung-Plus-WEB-94-von-139-e1648153698494-300x280.jpg\" alt=\"\" width=\"300\" height=\"280\" srcset=\"https:\/\/stillberatung-plus.de\/wp-content\/uploads\/2022\/03\/Martina-Hoeving-Stillberatung-Plus-WEB-94-von-139-e1648153698494-300x280.jpg 300w, https:\/\/stillberatung-plus.de\/wp-content\/uploads\/2022\/03\/Martina-Hoeving-Stillberatung-Plus-WEB-94-von-139-e1648153698494-64x60.jpg 64w, https:\/\/stillberatung-plus.de\/wp-content\/uploads\/2022\/03\/Martina-Hoeving-Stillberatung-Plus-WEB-94-von-139-e1648153698494.jpg 622w\" sizes=\"auto, (max-width: 300px) 100vw, 300px\" \/> klappte jedoch leider nicht so, wie ich es mir gew\u00fcnscht habe, sodass es bei meinem ersten Kind zu vielen Stillschwierigkeiten gekommen ist. Die Stillbeziehung war leider nur von kurzer Dauer. Eine sehr schwere und belastende Zeit f\u00fcr mich. Mit der Geburt meines zweiten Kindes stand f\u00fcr mich fest, dass ich es anders machen werde. Wie es dann aber so oft der Fall ist, war auch hier der Stillstart alles andere als einfach. Nach st\u00e4ndiger Ausprobiererei war f\u00fcr mich klar: Ich hole mir professionelle Hilfe bei einer Stillberaterin!<\/span><br \/>\n<span style=\"font-family: helvetica, arial, sans-serif;\">Und tats\u00e4chlich: die Beratung hat die Stillbeziehung zwischen meinem Kind und mir gerettet, sodass ich unsere Stillbeziehung endlich wirklich genie\u00dfen konnte. Ich bin noch heute so unfassbar dankbar f\u00fcr all die wertvollen Tipps, die ich bekommen habe. Viele Ammenm\u00e4rchen, die seit Jahrzehnten kursieren, konnte ich f\u00fcr mich aus dem Weg r\u00e4umen und alles kam zum Guten.<\/span><\/p>\n<p><strong><span style=\"font-family: helvetica, arial, sans-serif;\">Was mich antreibt.<\/span><\/strong><\/p>\n<p><span style=\"font-family: helvetica, arial, sans-serif;\">Aus meiner gro\u00dfen Dankbarkeit und der Tatsache heraus, dass die Begleitung von schwangeren und stillenden Frauen so viel mehr Aufmerksamkeit und liebevolle Unterst\u00fctzung bedarf, entwickelte sich in mir ein tiefer Wunsch, andere Frauen &amp; Kinder in ihrer Stillzeit zu begleiten und ich begann meine Ausbildung zur Stillberaterin. In meinem Umfeld gab es kaum Menschen, die eine Stillberatung in Anspruch genommen haben und auch die vielen wertvollen Tipps waren f\u00fcr viele in meinem Bekanntenkreis neu.<\/span><\/p>\n<p><strong><span style=\"font-family: helvetica, arial, sans-serif;\">Immer f\u00fcr dich da.<\/span><\/strong><\/p>\n<p><span style=\"font-family: helvetica, arial, sans-serif;\">Nun stehe ich mit meinem Wissen und einer gro\u00dfen Portion Empathie f\u00fcr dich bereit, um euch in dieser besonderen Zeit zu unterst\u00fctzen, zu begleiten und nach bestem Wissen zu beraten. Dar\u00fcber hinaus begleite ich dich und deine Familie auch von Herzen gern in allen p\u00e4dagogischen Anliegen.<\/span><br \/>\n<span style=\"font-family: helvetica, arial, sans-serif;\">Ich freue mich, meine zwei Traumberufe miteinander verkn\u00fcpfen zu k\u00f6nnen und nun als p\u00e4dagogische Stillberaterin f\u00fcr dich da sein zu k\u00f6nnen. So bringe ich ab sofort doppelte Liebe in alles, was ich tue.<\/span><\/p>\n<p><span style=\"font-family: helvetica, arial, sans-serif;\">Sp\u00fcrst du\u2019s?<\/span><\/p>\n<p><span style=\"font-family: helvetica, arial, sans-serif;\">Deine Martina<\/span><\/p>\n","protected":false},"excerpt":{"rendered":"<p>Bring Liebe in alles, was du tust! W\u00fcrde ich nach einem Lebensmotto gefragt, so w\u00e4re es vermutlich die \u00dcberschrift dieses Textes, denn Liebe und Leidenschaft &hellip; <\/p>\n","protected":false},"author":1,"featured_media":0,"parent":0,"menu_order":0,"comment_status":"closed","ping_status":"closed","template":"","meta":{"footnotes":""},"class_list":["post-66","page","type-page","status-publish","hentry","latest_post"],"_links":{"self":[{"href":"https:\/\/stillberatung-plus.de\/index.php?rest_route=\/wp\/v2\/pages\/66","targetHints":{"allow":["GET"]}}],"collection":[{"href":"https:\/\/stillberatung-plus.de\/index.php?rest_route=\/wp\/v2\/pages"}],"about":[{"href":"https:\/\/stillberatung-plus.de\/index.php?rest_route=\/wp\/v2\/types\/page"}],"author":[{"embeddable":true,"href":"https:\/\/stillberatung-plus.de\/index.php?rest_route=\/wp\/v2\/users\/1"}],"replies":[{"embeddable":true,"href":"https:\/\/stillberatung-plus.de\/index.php?rest_route=%2Fwp%2Fv2%2Fcomments&post=66"}],"version-history":[{"count":18,"href":"https:\/\/stillberatung-plus.de\/index.php?rest_route=\/wp\/v2\/pages\/66\/revisions"}],"predecessor-version":[{"id":189,"href":"https:\/\/stillberatung-plus.de\/index.php?rest_route=\/wp\/v2\/pages\/66\/revisions\/189"}],"wp:attachment":[{"href":"https:\/\/stillberatung-plus.de\/index.php?rest_route=%2Fwp%2Fv2%2Fmedia&parent=66"}],"curies":[{"name":"wp","href":"https:\/\/api.w.org\/{rel}","templated":true}]}}