{"id":454,"date":"2024-05-21T19:07:28","date_gmt":"2024-05-21T19:07:28","guid":{"rendered":"https:\/\/stillberatung-plus.de\/?page_id=454"},"modified":"2025-03-18T19:47:25","modified_gmt":"2025-03-18T19:47:25","slug":"vortrag-kitastart","status":"publish","type":"page","link":"https:\/\/stillberatung-plus.de\/?page_id=454","title":{"rendered":"Vortrag &#8220;Kitastart&#8221;"},"content":{"rendered":"<p>Der Start in die Fremdbetreuung (Tagesmutter\/Krippe\/Kita) steht vor der T\u00fcr und mit ihr ein gro\u00dfer Entwicklungsschritt. Du fragst dich, wie diese besondere Zeit gut gelingen kann? Was du als Mama\/Papa dazu beitragen kannst?<\/p>\n<p><span style=\"font-size: 18pt;\"><strong>Eine sehr sensible Phase!<\/strong><\/span><\/p>\n<p>Mit dem Eintritt in die Kita ver\u00e4ndert sich der gesamte Familienalltag. Ein gro\u00dfer Entwicklungsschritt steht an. Aber nicht nur das: Vielleicht kommen in dir ambivalente Gef\u00fchle auf? Sorgen, \u00c4ngste, Fragen,&#8230; ? Kennst du die grunds\u00e4tzliche Frage, ob die Entscheidung, die du als Mama\/Papa getroffen hast, richtig war?<\/p>\n<p><span style=\"font-size: 18pt;\"><strong>Was kannst du tun?\u00a0 \u00a0 \u00a0 \u00a0 \u00a0 \u00a0 \u00a0 \u00a0 \u00a0 \u00a0 \u00a0 \u00a0 \u00a0 \u00a0 \u00a0 \u00a0 \u00a0 \u00a0 \u00a0\u00a0<\/strong><\/span><\/p>\n<p><img loading=\"lazy\" decoding=\"async\" class=\"wp-image-456 alignright\" style=\"color: var(--font-color); font-family: var(--primary-font);\" src=\"https:\/\/stillberatung-plus.de\/wp-content\/uploads\/2024\/05\/Foto-Eingewoehnung-NEU-300x199.png\" alt=\"\" width=\"328\" height=\"218\" srcset=\"https:\/\/stillberatung-plus.de\/wp-content\/uploads\/2024\/05\/Foto-Eingewoehnung-NEU-300x199.png 300w, https:\/\/stillberatung-plus.de\/wp-content\/uploads\/2024\/05\/Foto-Eingewoehnung-NEU-90x60.png 90w, https:\/\/stillberatung-plus.de\/wp-content\/uploads\/2024\/05\/Foto-Eingewoehnung-NEU.png 397w\" sizes=\"auto, (max-width: 328px) 100vw, 328px\" \/><\/p>\n<p>In diesem Vortrag schauen wir uns an, wie du als Mama\/Papa dein Kind in der neuen Lebensphase begleiten kannst, damit das Eingew\u00f6hnen in die Kita sanft, kindgerecht, individuell und insgesamt positiv verl\u00e4uft.<\/p>\n<p>Selbstverst\u00e4ndlich zeige ich dir auch, anhand welcher Anzeichen du erkennen kannst, dass das Eingew\u00f6hnen deines Kindes in der Kita abgeschlossen ist.<\/p>\n<p><span style=\"font-size: 18pt;\"><strong>Was sonst noch wichtig ist:<\/strong><\/span><\/p>\n<p>Der Vortrag ist sowohl als Elternveranstaltung f\u00fcr Kinderkrippen und Kindertagesst\u00e4tten als auch f\u00fcr private Elterngruppen buchbar.<\/p>\n<p>Die Mindestteilnehmerzahl betr\u00e4gt 6 Personen.<\/p>\n<p>F\u00fcr den Vortrag (1,5 Stunden) berechne ich 23 Euro pro Person\/35 Euro pro Paar.<\/p>\n","protected":false},"excerpt":{"rendered":"<p>Der Start in die Fremdbetreuung (Tagesmutter\/Krippe\/Kita) steht vor der T\u00fcr und mit ihr ein gro\u00dfer Entwicklungsschritt. Du fragst dich, wie diese besondere Zeit gut gelingen &hellip; <\/p>\n","protected":false},"author":1,"featured_media":0,"parent":63,"menu_order":0,"comment_status":"closed","ping_status":"closed","template":"","meta":{"footnotes":""},"class_list":["post-454","page","type-page","status-publish","hentry","latest_post"],"_links":{"self":[{"href":"https:\/\/stillberatung-plus.de\/index.php?rest_route=\/wp\/v2\/pages\/454","targetHints":{"allow":["GET"]}}],"collection":[{"href":"https:\/\/stillberatung-plus.de\/index.php?rest_route=\/wp\/v2\/pages"}],"about":[{"href":"https:\/\/stillberatung-plus.de\/index.php?rest_route=\/wp\/v2\/types\/page"}],"author":[{"embeddable":true,"href":"https:\/\/stillberatung-plus.de\/index.php?rest_route=\/wp\/v2\/users\/1"}],"replies":[{"embeddable":true,"href":"https:\/\/stillberatung-plus.de\/index.php?rest_route=%2Fwp%2Fv2%2Fcomments&post=454"}],"version-history":[{"count":5,"href":"https:\/\/stillberatung-plus.de\/index.php?rest_route=\/wp\/v2\/pages\/454\/revisions"}],"predecessor-version":[{"id":504,"href":"https:\/\/stillberatung-plus.de\/index.php?rest_route=\/wp\/v2\/pages\/454\/revisions\/504"}],"up":[{"embeddable":true,"href":"https:\/\/stillberatung-plus.de\/index.php?rest_route=\/wp\/v2\/pages\/63"}],"wp:attachment":[{"href":"https:\/\/stillberatung-plus.de\/index.php?rest_route=%2Fwp%2Fv2%2Fmedia&parent=454"}],"curies":[{"name":"wp","href":"https:\/\/api.w.org\/{rel}","templated":true}]}}