{"id":324,"date":"2023-03-14T20:40:41","date_gmt":"2023-03-14T20:40:41","guid":{"rendered":"https:\/\/stillberatung-plus.de\/?page_id=324"},"modified":"2025-03-18T19:48:01","modified_gmt":"2025-03-18T19:48:01","slug":"vortrag-schlaf-kindchen-schlaf","status":"publish","type":"page","link":"https:\/\/stillberatung-plus.de\/?page_id=324","title":{"rendered":"Vortrag &#8220;Schlaf, Kindchen, schlaf&#8221;"},"content":{"rendered":"<p>&nbsp;<\/p>\n<p><strong>Die N\u00e4chte sind kurz, die Augenringe tief, und die Nerven liegen blank.<\/strong><\/p>\n<p>Irgendwie scheint alles nicht so rosarot zu sein, wie immer gedacht? Vielleicht f\u00fchlst du dich mit dem Thema &#8220;Baby- und Kinderschlaf&#8221;, wie viele andere Eltern auch, allein gelassen? Dabei ist es ganz egal, ob dein Kind ein S\u00e4ugling ist oder ein Kindergartenkind.<\/p>\n<p>&nbsp;<\/p>\n<p><img loading=\"lazy\" decoding=\"async\" class=\" wp-image-325 alignleft\" style=\"color: var(--font-color); font-family: var(--primary-font);\" src=\"https:\/\/stillberatung-plus.de\/wp-content\/uploads\/2023\/03\/Webseite-Schlafen-bild-300x300.png\" alt=\"\" width=\"330\" height=\"330\" srcset=\"https:\/\/stillberatung-plus.de\/wp-content\/uploads\/2023\/03\/Webseite-Schlafen-bild-300x300.png 300w, https:\/\/stillberatung-plus.de\/wp-content\/uploads\/2023\/03\/Webseite-Schlafen-bild-150x150.png 150w, https:\/\/stillberatung-plus.de\/wp-content\/uploads\/2023\/03\/Webseite-Schlafen-bild-60x60.png 60w, https:\/\/stillberatung-plus.de\/wp-content\/uploads\/2023\/03\/Webseite-Schlafen-bild.png 500w\" sizes=\"auto, (max-width: 330px) 100vw, 330px\" \/><span style=\"color: var(--font-color); font-family: var(--primary-font);\">Warum wacht mein Kind immer wieder auf? Was braucht es, um gut schlafen zu k\u00f6nnen &#8211; und was bedeutet \u00fcberhaupt &#8220;guter Schlaf&#8221; und &#8220;Durchschlafen&#8221;? Wie sieht ein geeigneter Schlafplatz f\u00fcr mein Kind aus? Was sind eigentlich &#8220;Schlafphasen&#8221; und was hat die Hirnreife mit alledem zu tun? Und dann gibt es da ja auch noch die &#8220;Schl<\/span><span style=\"color: var(--font-color); font-family: var(--primary-font);\">afmythen&#8221;&#8230;\u00a0<\/span><\/p>\n<p>&nbsp;<\/p>\n<p><span style=\"font-size: 18pt;\"><strong>Was braucht mein Kind, was brauche ich?<\/strong><\/span><\/p>\n<p>&nbsp;<\/p>\n<p>In dem Vortrag &#8220;Schlaf, Kindchen, schlaf&#8221;, schauen wir uns diese &#8211; und weitere Themen &#8211; einmal ganz genau an. Sicherlich wirst du nach den ca. 2,5 Stunden mit neuen Ideen &#8211; zumindest aber einem neuen Blickwinkel &#8211; auf das Thema &#8220;Baby- und Kinderschlaf&#8221; schauen.<\/p>\n<p>Der Vortrag ist sowohl als Elternveranstaltung f\u00fcr Kinderkrippen\u00a0und Kindertagesst\u00e4tten als auch f\u00fcr private Elterngruppen buchbar.<\/p>\n<p>Die maximale Teilnehmerzahl liegt bei 12 Personen.<\/p>\n<p>F\u00fcr den Vortrag berechne ich 29 Euro pro Person\/45 Euro pro Paar.<\/p>\n","protected":false},"excerpt":{"rendered":"<p>&nbsp; Die N\u00e4chte sind kurz, die Augenringe tief, und die Nerven liegen blank. Irgendwie scheint alles nicht so rosarot zu sein, wie immer gedacht? Vielleicht &hellip; <\/p>\n","protected":false},"author":1,"featured_media":0,"parent":63,"menu_order":0,"comment_status":"closed","ping_status":"closed","template":"","meta":{"footnotes":""},"class_list":["post-324","page","type-page","status-publish","hentry","latest_post"],"_links":{"self":[{"href":"https:\/\/stillberatung-plus.de\/index.php?rest_route=\/wp\/v2\/pages\/324","targetHints":{"allow":["GET"]}}],"collection":[{"href":"https:\/\/stillberatung-plus.de\/index.php?rest_route=\/wp\/v2\/pages"}],"about":[{"href":"https:\/\/stillberatung-plus.de\/index.php?rest_route=\/wp\/v2\/types\/page"}],"author":[{"embeddable":true,"href":"https:\/\/stillberatung-plus.de\/index.php?rest_route=\/wp\/v2\/users\/1"}],"replies":[{"embeddable":true,"href":"https:\/\/stillberatung-plus.de\/index.php?rest_route=%2Fwp%2Fv2%2Fcomments&post=324"}],"version-history":[{"count":12,"href":"https:\/\/stillberatung-plus.de\/index.php?rest_route=\/wp\/v2\/pages\/324\/revisions"}],"predecessor-version":[{"id":505,"href":"https:\/\/stillberatung-plus.de\/index.php?rest_route=\/wp\/v2\/pages\/324\/revisions\/505"}],"up":[{"embeddable":true,"href":"https:\/\/stillberatung-plus.de\/index.php?rest_route=\/wp\/v2\/pages\/63"}],"wp:attachment":[{"href":"https:\/\/stillberatung-plus.de\/index.php?rest_route=%2Fwp%2Fv2%2Fmedia&parent=324"}],"curies":[{"name":"wp","href":"https:\/\/api.w.org\/{rel}","templated":true}]}}