{"id":171,"date":"2022-03-21T22:30:37","date_gmt":"2022-03-21T22:30:37","guid":{"rendered":"http:\/\/stillberatung-plus.de\/?page_id=171"},"modified":"2022-04-09T12:21:18","modified_gmt":"2022-04-09T12:21:18","slug":"stillvorbereitungskurs","status":"publish","type":"page","link":"https:\/\/stillberatung-plus.de\/?page_id=171","title":{"rendered":"Stillvorbereitungskurs"},"content":{"rendered":"<p>&nbsp;<\/p>\n<p><span style=\"font-family: helvetica, arial, sans-serif;\">Du m\u00f6chtest schwanger werden, bist es bereits oder dein Baby ist bis zu 12 Wochen alt? <\/span><span style=\"font-family: helvetica, arial, sans-serif;\">Du m\u00f6chtest dich auf das Stillen vorbereiten oder bestehende Stillschwierigkeiten \u00fcberwinden und wei\u00dft nicht wie? <\/span><span style=\"font-family: helvetica, arial, sans-serif;\">Du fragst dich, welches Stillzubeh\u00f6r f\u00fcr euch wichtig und sinnvoll ist? Oder du m\u00f6chtest wissen, wie das Stillen \u00fcberhaupt funktioniert? Wie die Milchbildung angeregt wird?<\/span><\/p>\n<p><span style=\"font-family: helvetica, arial, sans-serif;\">Vielleicht fragst du dich aber auch, woher du wei\u00dft, ob dein Baby hungrig oder satt ist, wie du dein Kind anlegst und welche Stillposition f\u00fcr euch am besten ist? <\/span><span style=\"font-family: helvetica, arial, sans-serif;\">Es gibt so unz\u00e4hlig viele Ratgeber, B\u00fccher und hunderttausend Ammenm\u00e4rchen, die <img loading=\"lazy\" decoding=\"async\" class=\"size-medium wp-image-190 alignleft\" src=\"https:\/\/stillberatung-plus.de\/wp-content\/uploads\/2022\/03\/Martina-Hoeving-Stillberatung-Plus-WEB-137-von-139-200x300.jpg\" alt=\"\" width=\"200\" height=\"300\" srcset=\"https:\/\/stillberatung-plus.de\/wp-content\/uploads\/2022\/03\/Martina-Hoeving-Stillberatung-Plus-WEB-137-von-139-200x300.jpg 200w, https:\/\/stillberatung-plus.de\/wp-content\/uploads\/2022\/03\/Martina-Hoeving-Stillberatung-Plus-WEB-137-von-139-40x60.jpg 40w, https:\/\/stillberatung-plus.de\/wp-content\/uploads\/2022\/03\/Martina-Hoeving-Stillberatung-Plus-WEB-137-von-139.jpg 667w\" sizes=\"auto, (max-width: 200px) 100vw, 200px\" \/> das Thema Stillen betreffen. Da f\u00e4llt es dir sicherlich nicht leicht, das Wichtige vom Unwichtigen zu unterscheiden. <\/span><\/p>\n<p><span style=\"font-family: helvetica, arial, sans-serif;\">In diesem Stillvorbereitungskurs schauen wir gemeinsam, was die Geburt, das Bonding und die fr\u00fchkindlichen Reflexe mit dem Stillen zu tun haben. <\/span><span style=\"font-family: helvetica, arial, sans-serif;\">Au\u00dferdem bekommst du die wichtigsten Tipps und Tricks mit an die Hand, um mit einem klaren Blick, der n\u00f6tigen Portion Wissen und genug Sicherheit gemeinsam mit deinem Baby in eine entspannte Stillbeziehung zu\u00a0 starten. <\/span><span style=\"font-family: helvetica, arial, sans-serif;\">Nat\u00fcrlich lernst du auch, wie du Stillschwierigkeiten vermeiden bzw. selbst \u00fcberwinden kannst, und was du in der Stillzeit beachten solltest.<\/span><\/p>\n<p><span style=\"font-family: helvetica, arial, sans-serif;\">Sowohl die Grundbed\u00fcrfnisse deines Kindes als auch deine eigenen Bed\u00fcrfnisse und auch die Bindung zu deinem Kind stehen in meinen Kursen an oberster Stelle. <\/span><span style=\"font-family: helvetica, arial, sans-serif;\">Wusstest du, dass das Stillen nicht nur positive Auswirkungen auf die Gesundheit und Entwicklung deines Kindes hat, sondern auch deine Gesundheit, die Gesellschaft und die Umwelt positiv beeinflusst?<\/span><\/p>\n<p>&nbsp;<\/p>\n<p><span style=\"font-family: helvetica, arial, sans-serif;\"><strong>Stillen ist so viel mehr als Nahrung!<\/strong><\/span><\/p>\n<p>&nbsp;<\/p>\n<p><span style=\"font-family: helvetica, arial, sans-serif;\">In meinen Kursen ist es mir wichtig, dass alle Teilnehmer\/innen untereinander ins Gespr\u00e4ch kommen, sich kennenlernen, vielleicht Freundschaften kn\u00fcpfen\u2026 Zumindest aber das du auf Menschen st\u00f6\u00dft, die sich in einer \u00e4hnlichen Lebenssituation befinden und sich mit den gleichen Fragen befassen, wie du es tust.\u00a0 <\/span><\/p>\n<p><span style=\"font-family: helvetica, arial, sans-serif;\">Selbstverst\u00e4ndlich sind die V\u00e4ter in meinen Kursen herzlich Willkommen!<\/span><\/p>\n<p><span style=\"font-family: helvetica, arial, sans-serif;\">Du hast Interesse? Dann melde dich direkt an und sichere dir einen Platz in deinem Stillvorbereitungskurs! Ich freue mich auf dich! \ud83d\ude42<\/span><\/p>\n","protected":false},"excerpt":{"rendered":"<p>&nbsp; Du m\u00f6chtest schwanger werden, bist es bereits oder dein Baby ist bis zu 12 Wochen alt? Du m\u00f6chtest dich auf das Stillen vorbereiten oder &hellip; <\/p>\n","protected":false},"author":1,"featured_media":0,"parent":63,"menu_order":0,"comment_status":"closed","ping_status":"closed","template":"","meta":{"footnotes":""},"class_list":["post-171","page","type-page","status-publish","hentry","latest_post"],"_links":{"self":[{"href":"https:\/\/stillberatung-plus.de\/index.php?rest_route=\/wp\/v2\/pages\/171","targetHints":{"allow":["GET"]}}],"collection":[{"href":"https:\/\/stillberatung-plus.de\/index.php?rest_route=\/wp\/v2\/pages"}],"about":[{"href":"https:\/\/stillberatung-plus.de\/index.php?rest_route=\/wp\/v2\/types\/page"}],"author":[{"embeddable":true,"href":"https:\/\/stillberatung-plus.de\/index.php?rest_route=\/wp\/v2\/users\/1"}],"replies":[{"embeddable":true,"href":"https:\/\/stillberatung-plus.de\/index.php?rest_route=%2Fwp%2Fv2%2Fcomments&post=171"}],"version-history":[{"count":8,"href":"https:\/\/stillberatung-plus.de\/index.php?rest_route=\/wp\/v2\/pages\/171\/revisions"}],"predecessor-version":[{"id":222,"href":"https:\/\/stillberatung-plus.de\/index.php?rest_route=\/wp\/v2\/pages\/171\/revisions\/222"}],"up":[{"embeddable":true,"href":"https:\/\/stillberatung-plus.de\/index.php?rest_route=\/wp\/v2\/pages\/63"}],"wp:attachment":[{"href":"https:\/\/stillberatung-plus.de\/index.php?rest_route=%2Fwp%2Fv2%2Fmedia&parent=171"}],"curies":[{"name":"wp","href":"https:\/\/api.w.org\/{rel}","templated":true}]}}