{"id":153,"date":"2022-03-21T21:46:09","date_gmt":"2022-03-21T21:46:09","guid":{"rendered":"http:\/\/stillberatung-plus.de\/?page_id=153"},"modified":"2022-05-20T18:36:30","modified_gmt":"2022-05-20T18:36:30","slug":"stillberatung","status":"publish","type":"page","link":"https:\/\/stillberatung-plus.de\/?page_id=153","title":{"rendered":"Stillberatung"},"content":{"rendered":"<p><span style=\"font-family: helvetica, arial, sans-serif;\"><strong>Stillen ist das nat\u00fcrlichste auf der Welt&#8230;<\/strong><\/span><\/p>\n<p><span style=\"font-family: helvetica, arial, sans-serif;\">&#8230;und dennoch kommt es immer wieder zu den unterschiedlichsten Stillschwierigkeiten. <\/span><span style=\"font-family: helvetica, arial, sans-serif;\">Doch das muss nicht sein.<\/span><\/p>\n<p><strong><span style=\"font-family: helvetica, arial, sans-serif;\">Hast du auch Erfahrung mit:<\/span><\/strong><\/p>\n<p><img loading=\"lazy\" decoding=\"async\" class=\"wp-image-236 alignright\" style=\"font-family: helvetica, arial, sans-serif;\" src=\"https:\/\/stillberatung-plus.de\/wp-content\/uploads\/2022\/05\/Design-ohne-Titel-1-3-300x250.png\" alt=\"\" width=\"428\" height=\"356\" \/><\/p>\n<ul>\n<li><span style=\"font-family: helvetica, arial, sans-serif;\">Wunden Brustwarzen<\/span><\/li>\n<li><span style=\"font-family: helvetica, arial, sans-serif;\">Schmerzen in der Brust\u00a0 \u00a0 \u00a0 \u00a0 \u00a0 \u00a0 \u00a0 \u00a0 \u00a0 \u00a0<\/span><\/li>\n<li><span style=\"font-family: helvetica, arial, sans-serif;\">Schmerzen beim Stillen<\/span><\/li>\n<li><span style=\"font-family: helvetica, arial, sans-serif;\">Zu wenig\/zu viel Milch<\/span><\/li>\n<li><span style=\"font-family: helvetica, arial, sans-serif;\">Milchstau<\/span><\/li>\n<li><span style=\"font-family: helvetica, arial, sans-serif;\">Brustentz\u00fcndung (Mastitis)<\/span><\/li>\n<li><span style=\"font-family: helvetica, arial, sans-serif;\">Zu kurzem Zungenband<\/span><\/li>\n<\/ul>\n<p>&nbsp;<\/p>\n<p><strong><span style=\"font-family: helvetica, arial, sans-serif;\"><span style=\"font-size: 14pt;\">Oder<\/span> geht es dir um andere Themen?<\/span><\/strong><\/p>\n<p><span style=\"font-family: helvetica, arial, sans-serif;\">Vielleicht besch\u00e4ftigen dich aber auch die Themen Stillen und Schlaf, verschiedene Stillpositionen, die Einf\u00fchrung der Beikost oder eine gan<\/span><span style=\"font-family: helvetica, arial, sans-serif;\">z andere Frage, die das Stillen betrifft?\u00a0<\/span><span style=\"font-family: helvetica, arial, sans-serif;\">Gern bin ich f\u00fcr dich da, sodass wir gemeinsam den besten Weg f\u00fcr dich und dein Kind finden werden!<\/span><\/p>\n<p>&nbsp;<\/p>\n<p><strong><span style=\"font-family: helvetica, arial, sans-serif;\">Wie l\u00e4uft eine Stillberatung ganz praktisch ab?<\/span><\/strong><\/p>\n<p><span style=\"font-family: helvetica, arial, sans-serif;\">Vielleicht stellst du dir die Frage, wie eine Beratung zwischen uns abl\u00e4uft?\u00a0<\/span><\/p>\n<p><span style=\"font-family: helvetica, arial, sans-serif;\"><strong>Zuh\u00f6ren<\/strong><\/span><\/p>\n<p><span style=\"font-family: helvetica, arial, sans-serif;\">Zuallererst nimmst du \u00fcber Telefon oder E-Mail Kontakt zu mir auf und erz\u00e4hlst von deinem Anliegen. In der Schwangerschaft und Stillzeit kommen die unterschiedlichsten Fragen zu dem Thema auf, die alle ihre Berechtigung haben und f\u00fcr dich und dein Kind wichtig sind, beantwortet zu werden.\u00a0<\/span><\/p>\n<p><strong><span style=\"font-family: helvetica, arial, sans-serif;\">Verstehen<\/span><\/strong><\/p>\n<p><span style=\"font-family: helvetica, arial, sans-serif;\">Je nach Wunsch und Anliegen findet die Beratung bei dir Zuhause, am Telefon oder \u00fcber Video statt. Gemeinsam schauen wir, was du und\/oder dein Kind braucht, um dein Anliegen zu l\u00f6sen. Aufkl\u00e4rung? Stillposition optimieren? Bereits aufgekommene Stillprobleme l\u00f6sen? All das ist sehr unterschiedlich und ganz individuell auf dich und dein Kind abgestimmt.\u00a0<\/span><\/p>\n<p><strong><span style=\"font-family: helvetica, arial, sans-serif;\">Anwenden<\/span><\/strong><\/p>\n<p><span style=\"font-family: helvetica, arial, sans-serif;\">Im Anschluss besprechen wir\/zeige ich dir, wie ihr eure Stillbeziehung ganz praktisch optimieren k\u00f6nnt! Eltern f\u00fcrchten manchmal ungewollt angefasst zu werden oder, dass eine fremde Person ihr Kind ber\u00fchrt. Das ist in meiner Beratung nicht der Fall, denn ich arbeite nach dem &#8220;No-Hands&#8221; Verfahren. Das bedeutet, ich fasse weder dich noch dein Kind in meiner Beratung an!<\/span><\/p>\n","protected":false},"excerpt":{"rendered":"<p>Stillen ist das nat\u00fcrlichste auf der Welt&#8230; &#8230;und dennoch kommt es immer wieder zu den unterschiedlichsten Stillschwierigkeiten. Doch das muss nicht sein. Hast du auch &hellip; <\/p>\n","protected":false},"author":1,"featured_media":0,"parent":61,"menu_order":0,"comment_status":"closed","ping_status":"closed","template":"","meta":{"footnotes":""},"class_list":["post-153","page","type-page","status-publish","hentry","latest_post"],"_links":{"self":[{"href":"https:\/\/stillberatung-plus.de\/index.php?rest_route=\/wp\/v2\/pages\/153","targetHints":{"allow":["GET"]}}],"collection":[{"href":"https:\/\/stillberatung-plus.de\/index.php?rest_route=\/wp\/v2\/pages"}],"about":[{"href":"https:\/\/stillberatung-plus.de\/index.php?rest_route=\/wp\/v2\/types\/page"}],"author":[{"embeddable":true,"href":"https:\/\/stillberatung-plus.de\/index.php?rest_route=\/wp\/v2\/users\/1"}],"replies":[{"embeddable":true,"href":"https:\/\/stillberatung-plus.de\/index.php?rest_route=%2Fwp%2Fv2%2Fcomments&post=153"}],"version-history":[{"count":10,"href":"https:\/\/stillberatung-plus.de\/index.php?rest_route=\/wp\/v2\/pages\/153\/revisions"}],"predecessor-version":[{"id":237,"href":"https:\/\/stillberatung-plus.de\/index.php?rest_route=\/wp\/v2\/pages\/153\/revisions\/237"}],"up":[{"embeddable":true,"href":"https:\/\/stillberatung-plus.de\/index.php?rest_route=\/wp\/v2\/pages\/61"}],"wp:attachment":[{"href":"https:\/\/stillberatung-plus.de\/index.php?rest_route=%2Fwp%2Fv2%2Fmedia&parent=153"}],"curies":[{"name":"wp","href":"https:\/\/api.w.org\/{rel}","templated":true}]}}