{"id":141,"date":"2022-03-10T22:33:01","date_gmt":"2022-03-10T22:33:01","guid":{"rendered":"http:\/\/stillberatung-plus.de\/?page_id=141"},"modified":"2025-03-18T19:26:40","modified_gmt":"2025-03-18T19:26:40","slug":"preise","status":"publish","type":"page","link":"https:\/\/stillberatung-plus.de\/?page_id=141","title":{"rendered":"Preise"},"content":{"rendered":"<p><span style=\"font-family: helvetica, arial, sans-serif;\">Eine allgemeine, kurze Frage rund um das Stillen kannst du mir jederzeit kostenlos \u00fcber WhatsApp oder E-Mail stellen. <\/span><span style=\"font-family: helvetica, arial, sans-serif;\">Komplexe, tiefgr\u00fcndige und individuelle Fragen beantworte ich dir gern in einem pers\u00f6nlichen Beratungsgespr\u00e4ch.<\/span><\/p>\n<table style=\"border-collapse: collapse; width: 100%;\">\n<tbody>\n<tr>\n<td style=\"width: 48.794%;\"><span style=\"font-family: helvetica, arial, sans-serif;\">Pers\u00f6nliche Stillberatung<br \/>\n<\/span><span style=\"font-family: helvetica, arial, sans-serif;\">(bei dir Zuhause)<\/span><\/td>\n<td style=\"width: 51.206%;\"><span style=\"font-family: helvetica, arial, sans-serif;\">59 \u20ac pro Stunde<br \/>\n(nach 60 Min. berechne ich viertelst\u00fcndlich<\/span><span style=\"font-family: helvetica, arial, sans-serif;\">)<\/span><\/td>\n<\/tr>\n<tr>\n<td style=\"width: 48.794%;\"><span style=\"font-family: helvetica, arial, sans-serif;\">Beratung rund um das Thema<br \/>\n<\/span><span style=\"font-family: helvetica, arial, sans-serif;\">Baby, Kind &amp; Familie<br \/>\n<\/span><span style=\"font-family: helvetica, arial, sans-serif;\">(bei dir Zuhause)<\/span><\/td>\n<td style=\"width: 51.206%;\"><span style=\"font-family: helvetica, arial, sans-serif;\">59 \u20ac pro Stunde<br \/>\n(nach 60 Min. berechne ich viertelst\u00fcndlich<\/span><span style=\"font-family: helvetica, arial, sans-serif;\">)<\/span><\/td>\n<\/tr>\n<tr>\n<td style=\"width: 48.794%;\"><span style=\"font-family: helvetica, arial, sans-serif;\">Telefon \/ Videoberatung<\/span><\/td>\n<td style=\"width: 51.206%;\"><span style=\"font-family: helvetica, arial, sans-serif;\">14 \u20ac pro 15 Minuten<\/span><\/td>\n<\/tr>\n<tr>\n<td style=\"width: 48.794%;\"><span style=\"font-family: helvetica, arial, sans-serif;\">Stillvorbereitungskurs<br \/>\n<\/span><span style=\"font-family: helvetica, arial, sans-serif;\">(2 Termine \u00e1 2 &#8211; 2,5 Std.)<\/span><\/td>\n<td style=\"width: 51.206%;\"><span style=\"font-family: helvetica, arial, sans-serif;\">59,00 \u20ac Einzelperson<br \/>\n<\/span><span style=\"font-family: helvetica, arial, sans-serif;\">75,00 \u20ac pro Elternpaar<\/span><\/td>\n<\/tr>\n<\/tbody>\n<\/table>\n<p><strong><span style=\"font-family: helvetica, arial, sans-serif;\">Fahrtkosten und Notf\u00e4lle<\/span><\/strong><\/p>\n<p><span style=\"font-family: helvetica, arial, sans-serif;\">In den aufgef\u00fchrten Preisen ist meine Vor- und Nachbereitung der Beratung inklusive.\u00a0<\/span><span style=\"font-family: helvetica, arial, sans-serif;\">Fahrtkosten innerhalb der Samtgemeinde Spelle sind inklusive. Au\u00dferhalb der Samtgemeinde Spelle berechne ich 0,50 \u20ac pro Kilometer.\u00a0<\/span><span style=\"font-family: helvetica, arial, sans-serif;\">In Notf\u00e4llen bin ich gern auch am Wochenende oder an Feiertagen f\u00fcr dich da! Daf\u00fcr berechne ich eine Pauschale von 20 \u20ac.<\/span><\/p>\n<p><strong><span style=\"font-family: helvetica, arial, sans-serif;\">Gutscheine<\/span><\/strong><\/p>\n<p><span style=\"font-family: helvetica, arial, sans-serif;\">Du suchst ein individuelles Geschenk zur Schwangerschaft, Geburt, oder einfach so? Bei mir bekommst du selbstverst\u00e4ndlich auch Gutscheine.<\/span><\/p>\n<p><strong><span style=\"font-family: helvetica, arial, sans-serif;\">Kostenerstattung anfragen<\/span><\/strong><\/p>\n<p><span style=\"font-family: helvetica, arial, sans-serif;\">Die Kosten f\u00fcr eine Stillberatung werden in Deutschland leider noch nicht grunds\u00e4tzlich von den gesetzlichen Krankenkassen \u00fcbernommen. Es ist dennoch sinnvoll, die Rechnung bei deiner Krankenkasse einzureichen, da einzelne Krankenkassen die Honorarkosten (anteilig) erstatten. <\/span><span style=\"font-family: helvetica, arial, sans-serif;\">Auch die Kosten f\u00fcr die Stillvorbereitungskurse werden ggf. anteilig von deiner Krankenkasse \u00fcbernommen. Frage im Vorfeld doch einfach einmal nach!\u00a0<\/span><span style=\"font-family: helvetica, arial, sans-serif;\">Sollte es dir nicht m\u00f6glich sein, die Kosten f\u00fcr eine Beratung zu tragen, kontaktiere mich trotzdem gerne! Gemeinsam finden wir eine gute L\u00f6sung! \u00a0\u00a0\u00a0\u00a0\u00a0\u00a0\u00a0 <\/span><\/p>\n<p><span style=\"font-family: helvetica, arial, sans-serif;\">\u00a0<\/span><\/p>\n<p>&nbsp;<\/p>\n","protected":false},"excerpt":{"rendered":"<p>Eine allgemeine, kurze Frage rund um das Stillen kannst du mir jederzeit kostenlos \u00fcber WhatsApp oder E-Mail stellen. Komplexe, tiefgr\u00fcndige und individuelle Fragen beantworte ich &hellip; <\/p>\n","protected":false},"author":1,"featured_media":0,"parent":0,"menu_order":0,"comment_status":"closed","ping_status":"closed","template":"","meta":{"footnotes":""},"class_list":["post-141","page","type-page","status-publish","hentry","latest_post"],"_links":{"self":[{"href":"https:\/\/stillberatung-plus.de\/index.php?rest_route=\/wp\/v2\/pages\/141","targetHints":{"allow":["GET"]}}],"collection":[{"href":"https:\/\/stillberatung-plus.de\/index.php?rest_route=\/wp\/v2\/pages"}],"about":[{"href":"https:\/\/stillberatung-plus.de\/index.php?rest_route=\/wp\/v2\/types\/page"}],"author":[{"embeddable":true,"href":"https:\/\/stillberatung-plus.de\/index.php?rest_route=\/wp\/v2\/users\/1"}],"replies":[{"embeddable":true,"href":"https:\/\/stillberatung-plus.de\/index.php?rest_route=%2Fwp%2Fv2%2Fcomments&post=141"}],"version-history":[{"count":14,"href":"https:\/\/stillberatung-plus.de\/index.php?rest_route=\/wp\/v2\/pages\/141\/revisions"}],"predecessor-version":[{"id":503,"href":"https:\/\/stillberatung-plus.de\/index.php?rest_route=\/wp\/v2\/pages\/141\/revisions\/503"}],"wp:attachment":[{"href":"https:\/\/stillberatung-plus.de\/index.php?rest_route=%2Fwp%2Fv2%2Fmedia&parent=141"}],"curies":[{"name":"wp","href":"https:\/\/api.w.org\/{rel}","templated":true}]}}